{"id":502,"date":"2025-04-10T16:45:23","date_gmt":"2025-04-10T15:45:23","guid":{"rendered":"https:\/\/yolandafernandezadvocada.cat\/servicios-juridicos-en-barcelona\/"},"modified":"2025-05-08T09:22:58","modified_gmt":"2025-05-08T08:22:58","slug":"servicios","status":"publish","type":"page","link":"https:\/\/yolandafernandezadvocada.cat\/es\/servicios\/","title":{"rendered":"Servicios jur\u00eddicos en Barcelona"},"content":{"rendered":"<div class=\"wpb-content-wrapper\"><p>[vc_section full_width=\u00bbstretch_row\u00bb css=\u00bb.vc_custom_1744297114896{padding-top: 80px !important;padding-bottom: 80px !important;}\u00bb conditional_render=\u00bb%5B%7B%22value_role%22%3A%22administrator%22%7D%5D\u00bb css_params=\u00bb\u00bb][vc_row full_width=\u00bbstretch_row\u00bb content_placement=\u00bbmiddle\u00bb animation_duration=\u00bb1200&#8243; animation_delay=\u00bb300&#8243; conditional_render=\u00bb%5B%7B%22value_role%22%3A%22administrator%22%7D%5D\u00bb css_params=\u00bb\u00bb el_id=\u00bbproceso-penal\u00bb animation_type=\u00bbfadeInRight\u00bb][vc_column width=\u00bb1\/3&#8243;][vc_single_image image=\u00bb430&#8243; img_size=\u00bbfull\u00bb alignment=\u00bbcenter\u00bb css=\u00bb.vc_custom_1744360387886{margin-top: 20px !important;margin-bottom: 20px !important;}\u00bb css_params=\u00bb\u00bb el_class=\u00bbmlh_img\u00bb][\/vc_column][vc_column width=\u00bb2\/3&#8243;][vc_custom_heading text=\u00bbDerecho y proceso penal\u00bb font_container=\u00bbtag:h2|font_size:45px|text_align:left\u00bb use_theme_fonts=\u00bbyes\u00bb css_params=\u00bb\u00bb el_class=\u00bboffset-lg-1&#8243;][vc_column_text css=\u00bb\u00bb css_params=\u00bb\u00bb el_class=\u00bboffset-lg-1&#8243;]Ofrezco una defensa integral y estrat\u00e9gica para aquellos que enfrentan acusaciones o que han sido v\u00edctimas de delitos. Mi experiencia abarca desde la fase de investigaci\u00f3n, donde es crucial establecer una s\u00f3lida defensa, hasta el juicio oral, donde la representaci\u00f3n experta es fundamental. <\/p>\n<p>Me especializo en una amplia gama de delitos, incluyendo delitos econ\u00f3micos, violencia de g\u00e9nero, delitos contra la seguridad vial y otros, asegurando que mis clientes reciban un claro asesoramiento legal y una representaci\u00f3n efectiva en cada etapa del proceso.<\/p>\n<ul>\n<li>Defensa integral en todo tipo de procedimientos penales, desde la fase de investigaci\u00f3n hasta el juicio oral. Asesoramiento y representaci\u00f3n para personas acusadas o v\u00edctimas de delitos. <\/li>\n<\/ul>\n<p>[\/vc_column_text][\/vc_column][\/vc_row][vc_row full_width=\u00bbstretch_row\u00bb content_placement=\u00bbmiddle\u00bb animation_duration=\u00bb1200&#8243; animation_delay=\u00bb300&#8243; conditional_render=\u00bb%5B%7B%22value_role%22%3A%22administrator%22%7D%5D\u00bb css_params=\u00bb\u00bb css=\u00bb.vc_custom_1745565809910{padding-top: 80px !important;padding-bottom: 80px !important;}\u00bb el_id=\u00bbderecho-penal-menores\u00bb animation_type=\u00bbfadeInLeft\u00bb][vc_column width=\u00bb1\/2&#8243; el_class=\u00bbmlh_col2&#8243; conditional_render=\u00bb%5B%7B%22value_role%22%3A%22administrator%22%7D%5D\u00bb css_params=\u00bb\u00bb][vc_custom_heading text=\u00bbDerecho penal de menores\u00bb font_container=\u00bbtag:h2|font_size:45px|text_align:left\u00bb use_theme_fonts=\u00bbyes\u00bb css_params=\u00bb\u00bb el_class=\u00bboffset-lg-1&#8243;][vc_column_text css=\u00bb\u00bb css_params=\u00bb\u00bb el_class=\u00bboffset-lg-1&#8243;]El Derecho Penal de Menores requiere un enfoque especializado y sensible. Comprendo la importancia de proteger los derechos de los menores involucrados en procedimientos penales y me dedico a proporcionarles una asistencia legal que tenga en cuenta su bienestar y futuro. <\/p>\n<p>Mi prioridad es asegurar que los menores reciban un trato justo y que se les brinden las oportunidades necesarias para su desarrollo positivo.<\/p>\n<ul>\n<li>Asistencia legal especializada para menores involucrados en procedimientos penales.<\/li>\n<li>Enfoque en la protecci\u00f3n de sus derechos y la b\u00fasqueda de soluciones rehabilitadoras.<\/li>\n<li>Conocimiento profundo de la legislaci\u00f3n y protocolos espec\u00edficos para menores.<\/li>\n<\/ul>\n<p>[\/vc_column_text][\/vc_column][vc_column width=\u00bb1\/2&#8243; conditional_render=\u00bb%5B%7B%22value_role%22%3A%22administrator%22%7D%5D\u00bb css_params=\u00bb\u00bb][vc_single_image image=\u00bb429&#8243; img_size=\u00bbfull\u00bb alignment=\u00bbcenter\u00bb css=\u00bb.vc_custom_1744360469998{margin-top: 20px !important;margin-bottom: 20px !important;}\u00bb css_params=\u00bb\u00bb el_class=\u00bbmlh_img offset-lg-1&#8243;][\/vc_column][\/vc_row][vc_row full_width=\u00bbstretch_row\u00bb content_placement=\u00bbmiddle\u00bb animation_duration=\u00bb1200&#8243; animation_delay=\u00bb300&#8243; conditional_render=\u00bb%5B%7B%22value_role%22%3A%22administrator%22%7D%5D\u00bb css_params=\u00bb\u00bb el_id=\u00bbderecho-matrimonial\u00bb animation_type=\u00bbfadeInRight\u00bb][vc_column width=\u00bb1\/3&#8243;][vc_single_image image=\u00bb428&#8243; img_size=\u00bbfull\u00bb alignment=\u00bbcenter\u00bb css=\u00bb.vc_custom_1744360436430{margin-top: 20px !important;margin-bottom: 20px !important;}\u00bb css_params=\u00bb\u00bb el_class=\u00bbmlh_img\u00bb][\/vc_column][vc_column width=\u00bb2\/3&#8243;][vc_custom_heading text=\u00bbDerecho matrimonial\u00bb font_container=\u00bbtag:h2|font_size:45px|text_align:left\u00bb use_theme_fonts=\u00bbyes\u00bb css_params=\u00bb\u00bb el_class=\u00bboffset-lg-1&#8243;][vc_column_text css=\u00bb\u00bb css_params=\u00bb\u00bb el_class=\u00bboffset-lg-1&#8243;]Los asuntos de Derecho Matrimonial suelen ser emocionalmente complejos y requieren un manejo cuidadoso y profesional. Ofrezco asesoramiento y representaci\u00f3n en una variedad de procesos, incluyendo divorcios, separaciones, nulidades matrimoniales, custodia de hijos, r\u00e9gimen de visitas y pensi\u00f3n alimentaria. <\/p>\n<p>Mi enfoque se basa en la comunicaci\u00f3n clara, la empat\u00eda y la b\u00fasqueda de soluciones que protejan los intereses de mis clientes y de sus familias.<\/p>\n<ul>\n<li>Asesoramiento y representaci\u00f3n en procesos de divorcio, separaci\u00f3n, nulidad matrimonial, custodia de hijos, r\u00e9gimen de visitas y pensi\u00f3n alimenticia.<\/li>\n<li>Soporte sensible y profesional para proteger sus intereses y los de su familia.<\/li>\n<\/ul>\n<p>[\/vc_column_text][\/vc_column][\/vc_row][\/vc_section][vc_section full_width=\u00bbstretch_row\u00bb css=\u00bb.vc_custom_1744297122432{padding-top: 80px !important;padding-bottom: 80px !important;background-image: url(https:\/\/yolandafernandezadvocada.cat\/wp-content\/uploads\/2023\/04\/bcn-scaled.jpg?id=323) !important;background-position: center !important;background-repeat: no-repeat !important;background-size: cover !important;}\u00bb conditional_render=\u00bb%5B%7B%22value_role%22%3A%22administrator%22%7D%5D\u00bb css_params=\u00bb\u00bb el_class=\u00bbmlh_section\u00bb][vc_row full_width=\u00bbstretch_row\u00bb conditional_render=\u00bb%5B%7B%22value_role%22%3A%22administrator%22%7D%5D\u00bb css_params=\u00bb\u00bb][vc_column width=\u00bb1\/6&#8243;][\/vc_column][vc_column width=\u00bb2\/3&#8243; animation_duration=\u00bb1200&#8243; animation_delay=\u00bb300&#8243; animation_type=\u00bbfadeInUp\u00bb conditional_render=\u00bb%5B%7B%22value_role%22%3A%22administrator%22%7D%5D\u00bb css_params=\u00bb\u00bb][vc_custom_heading text=\u00bb\u00bfNecesita asesoramiento legal?\u00bb font_container=\u00bbtag:h2|font_size:45px|text_align:center|color:var(&#8211;porto-light-color)|line_height:1.2&#8243; use_theme_fonts=\u00bbyes\u00bb css=\u00bb.vc_custom_1744355033032{margin-bottom: 20px !important;}\u00bb text_transform=\u00bbtext-uppercase\u00bb css_params=\u00bb\u00bb][vc_custom_heading text=\u00bbNo dude en ponerse en contacto conmigo.<br \/> Estudiaremos su caso.\u00bb font_container=\u00bbtag:h3|font_size:35px|text_align:center|color:var(&#8211;porto-light-color)|line_height:1.2&#8243; use_theme_fonts=\u00bbyes\u00bb css=\u00bb.vc_custom_1744358536733{margin-bottom: 20px !important;}\u00bb font_family=\u00bbPoppins\u00bb font_weight=\u00bb400&#8243; css_params=\u00bb\u00bb][vc_btn title=\u00bbContactar\u00bb align=\u00bbcenter\u00bb css=\u00bb.vc_custom_1744358525103{margin-bottom: 0px !important;}\u00bb link=\u00bburl:https%3A%2F%2Fyolandafernandezadvocada.cat%2Fes%2F%23contacto|\u00bb el_class=\u00bbmlh_btn\u00bb css_params=\u00bb\u00bb][\/vc_column][vc_column width=\u00bb1\/6&#8243;][\/vc_column][\/vc_row][\/vc_section][vc_section full_width=\u00bbstretch_row\u00bb css=\u00bb.vc_custom_1744362563799{padding-top: 80px !important;padding-bottom: 80px !important;}\u00bb conditional_render=\u00bb%5B%7B%22value_role%22%3A%22administrator%22%7D%5D\u00bb css_params=\u00bb\u00bb el_id=\u00bbmediacion-familiar\u00bb][vc_row full_width=\u00bbstretch_row\u00bb content_placement=\u00bbmiddle\u00bb animation_duration=\u00bb1200&#8243; animation_delay=\u00bb300&#8243; conditional_render=\u00bb%5B%7B%22value_role%22%3A%22administrator%22%7D%5D\u00bb css_params=\u00bb\u00bb animation_type=\u00bbfadeInLeft\u00bb][vc_column width=\u00bb1\/2&#8243; el_class=\u00bbmlh_col2&#8243; conditional_render=\u00bb%5B%7B%22value_role%22%3A%22administrator%22%7D%5D\u00bb css_params=\u00bb\u00bb][vc_custom_heading text=\u00bbMediaci\u00f3n familiar\u00bb font_container=\u00bbtag:h2|font_size:45px|text_align:left\u00bb use_theme_fonts=\u00bbyes\u00bb css_params=\u00bb\u00bb el_class=\u00bboffset-lg-1&#8243;][vc_column_text css=\u00bb\u00bb css_params=\u00bb\u00bb el_class=\u00bboffset-lg-1&#8243;]La mediaci\u00f3n familiar es una valiosa herramienta para resolver conflictos de manera amistosa y constructiva. Como mediadora, facilito la comunicaci\u00f3n entre las partes y les ayudo a encontrar soluciones consensuadas que minimicen el impacto emocional y legal de sus disputas. <\/p>\n<p>Mi experiencia abarca una amplia gama de asuntos familiares, incluyendo divorcios, custodia, herencias y otros conflictos. Creo firmemente en el poder del di\u00e1logo y la negociaci\u00f3n para conseguir acuerdos justos y duraderos que beneficien a todos los involucrados. <\/p>\n<ul>\n<li>Facilitaci\u00f3n de acuerdos amistosos en conflictos familiares, buscando soluciones consensuadas que minimicen el impacto emocional y legal.<\/li>\n<li>Experiencia en mediaci\u00f3n en casos de divorcio, custodia, herencias y otros asuntos familiares.<\/li>\n<\/ul>\n<p>[\/vc_column_text][\/vc_column][vc_column width=\u00bb1\/2&#8243; conditional_render=\u00bb%5B%7B%22value_role%22%3A%22administrator%22%7D%5D\u00bb css_params=\u00bb\u00bb][vc_single_image image=\u00bb431&#8243; img_size=\u00bbfull\u00bb alignment=\u00bbcenter\u00bb css=\u00bb.vc_custom_1744360452629{margin-top: 20px !important;margin-bottom: 20px !important;}\u00bb css_params=\u00bb\u00bb el_class=\u00bbmlh_img\u00bb][\/vc_column][\/vc_row][\/vc_section]<\/p>\n<\/div>","protected":false},"excerpt":{"rendered":"<p>[vc_section full_width=\u00bbstretch_row\u00bb css=\u00bb.vc_custom_1744297114896{padding-top: 80px !important;padding-bottom: 80px !important;}\u00bb conditional_render=\u00bb%5B%7B%22value_role%22%3A%22administrator%22%7D%5D\u00bb css_params=\u00bb\u00bb][vc_row full_width=\u00bbstretch_row\u00bb content_placement=\u00bbmiddle\u00bb animation_duration=\u00bb1200&#8243; animation_delay=\u00bb300&#8243; conditional_render=\u00bb%5B%7B%22value_role%22%3A%22administrator%22%7D%5D\u00bb css_params=\u00bb\u00bb el_id=\u00bbproceso-penal\u00bb animation_type=\u00bbfadeInRight\u00bb][vc_column width=\u00bb1\/3&#8243;][vc_single_image image=\u00bb430&#8243; img_size=\u00bbfull\u00bb alignment=\u00bbcenter\u00bb css=\u00bb.vc_custom_1744360387886{margin-top: 20px !important;margin-bottom: 20px !important;}\u00bb css_params=\u00bb\u00bb el_class=\u00bbmlh_img\u00bb][\/vc_column][vc_column width=\u00bb2\/3&#8243;][vc_custom_heading text=\u00bbDerecho y proceso penal\u00bb font_container=\u00bbtag:h2|font_size:45px|text_align:left\u00bb use_theme_fonts=\u00bbyes\u00bb css_params=\u00bb\u00bb el_class=\u00bboffset-lg-1&#8243;][vc_column_text css=\u00bb\u00bb css_params=\u00bb\u00bb el_class=\u00bboffset-lg-1&#8243;]Ofrezco una defensa integral y estrat\u00e9gica para aquellos que enfrentan acusaciones o que han sido v\u00edctimas [&hellip;]<\/p>\n","protected":false},"author":1,"featured_media":0,"parent":0,"menu_order":0,"comment_status":"closed","ping_status":"closed","template":"","meta":{"_seopress_robots_primary_cat":"","_seopress_titles_title":"%%sitetitle%% %%sep%% %%tagline%%","_seopress_titles_desc":"Servicios jur\u00eddicos en Barcelona en derecho penal, civil y de familia. Defensa legal profesional, cercana y eficaz. \u00a1Primera consulta!","_seopress_robots_index":"","footnotes":""},"class_list":["post-502","page","type-page","status-publish","hentry"],"_links":{"self":[{"href":"https:\/\/yolandafernandezadvocada.cat\/es\/wp-json\/wp\/v2\/pages\/502","targetHints":{"allow":["GET"]}}],"collection":[{"href":"https:\/\/yolandafernandezadvocada.cat\/es\/wp-json\/wp\/v2\/pages"}],"about":[{"href":"https:\/\/yolandafernandezadvocada.cat\/es\/wp-json\/wp\/v2\/types\/page"}],"author":[{"embeddable":true,"href":"https:\/\/yolandafernandezadvocada.cat\/es\/wp-json\/wp\/v2\/users\/1"}],"replies":[{"embeddable":true,"href":"https:\/\/yolandafernandezadvocada.cat\/es\/wp-json\/wp\/v2\/comments?post=502"}],"version-history":[{"count":2,"href":"https:\/\/yolandafernandezadvocada.cat\/es\/wp-json\/wp\/v2\/pages\/502\/revisions"}],"predecessor-version":[{"id":504,"href":"https:\/\/yolandafernandezadvocada.cat\/es\/wp-json\/wp\/v2\/pages\/502\/revisions\/504"}],"wp:attachment":[{"href":"https:\/\/yolandafernandezadvocada.cat\/es\/wp-json\/wp\/v2\/media?parent=502"}],"curies":[{"name":"wp","href":"https:\/\/api.w.org\/{rel}","templated":true}]}}