{"id":497,"date":"2022-05-02T14:23:29","date_gmt":"2022-05-02T13:23:29","guid":{"rendered":"https:\/\/yolandafernandezadvocada.cat\/inicio\/"},"modified":"2025-05-08T09:23:50","modified_gmt":"2025-05-08T08:23:50","slug":"inicio","status":"publish","type":"page","link":"https:\/\/yolandafernandezadvocada.cat\/es\/","title":{"rendered":"Inicio"},"content":{"rendered":"<div class=\"wpb-content-wrapper\"><p>[vc_row][vc_column][vc_custom_heading text=\u00bbExperiencia y conocimiento en materia de Derecho y Proceso Penal, Derecho Penal de menores, Derecho matrimonial y mediaci\u00f3n familiar.\u00bb font_container=\u00bbtag:h1|text_align:left\u00bb use_theme_fonts=\u00bbyes\u00bb el_class=\u00bbmlh_h1&#8243; css_params=\u00bb\u00bb]<div class=\"porto-block\" data-id=\"506\"><style>.wpb_custom_c86c2fb53cae9eced42d4b8900a042f3 .owl-item:not(.active){opacity: 0.5}.wpb_custom_c86c2fb53cae9eced42d4b8900a042f3{--porto-el-spacing: 0px;}<\/style><p>[vc_section full_width=\"stretch_row\" bottom_divider_type=\"big-half-circle\" bottom_divider_color=\"var(--porto-light-color)\" bottom_divider_height=\"70px\" conditional_render=\"%5B%7B%22value_role%22%3A%22administrator%22%7D%5D\" css_params=\"\"][vc_row full_width=\"stretch_row\" no_padding=\"yes\" el_class=\"mlh_slider overflow-hidden intro-section\" conditional_render=\"%5B%7B%22value_role%22%3A%22administrator%22%7D%5D\" el_id=\"slider\"][vc_column][vc_row_inner el_class=\"intro-banner\"][vc_column_inner el_class=\"h-100\"]<div class=\"porto-carousel owl-carousel has-ccols ccols-xl-1 ccols-lg-1 ccols-md-1 ccols-sm-1 ccols-1 custom-nav-style mb-0 h-100 wpb_custom_c86c2fb53cae9eced42d4b8900a042f3 nav-bottom\" data-plugin-options=\"{&quot;themeConfig&quot;:true,&quot;stagePadding&quot;:0,&quot;margin&quot;:0,&quot;autoplay&quot;:&quot;yes&quot;,&quot;mouseDrag&quot;:false,&quot;touchDrag&quot;:false,&quot;autoplayTimeout&quot;:6000,&quot;autoplayHoverPause&quot;:false,&quot;items&quot;:1,&quot;xl&quot;:1,&quot;lg&quot;:1,&quot;md&quot;:1,&quot;sm&quot;:1,&quot;xs&quot;:1,&quot;nav&quot;:&quot;yes&quot;,&quot;dots&quot;:false,&quot;animateIn&quot;:&quot;fadeIn&quot;,&quot;animateOut&quot;:&quot;fadeOut&quot;,&quot;loop&quot;:false,&quot;center&quot;:false,&quot;video&quot;:false,&quot;lazyLoad&quot;:false,&quot;fullscreen&quot;:false}\"><div class=\"porto-ibanner interactive-banner-wrap-07dd21040fa50768c9d370ae74e47015 mb-0 slide-1\" style=\"background:#f2f2f2;\"><div class=\"banner-effect-wrapper\"><div class=\"banner-effect kenBurnsToRight\" style=\"background-image: url(https:\/\/yolandafernandezadvocada.cat\/wp-content\/uploads\/2023\/04\/bcn-scaled.jpg); background-size: cover;background-position: center;animation-duration: 20s;\"><\/div><\/div><img loading=\"lazy\" decoding=\"async\" alt=\"Yolanda Fern\u00e1ndez Gauchia\" width=\"2560\" height=\"1707\" class=\"porto-ibanner-img invisible\" src=\"https:\/\/yolandafernandezadvocada.cat\/wp-content\/uploads\/2023\/04\/bcn-scaled.jpg\" srcset=\"https:\/\/yolandafernandezadvocada.cat\/wp-content\/uploads\/2023\/04\/bcn-scaled.jpg 2560w, https:\/\/yolandafernandezadvocada.cat\/wp-content\/uploads\/2023\/04\/bcn-1024x683.jpg 1024w, https:\/\/yolandafernandezadvocada.cat\/wp-content\/uploads\/2023\/04\/bcn-768x512.jpg 768w, https:\/\/yolandafernandezadvocada.cat\/wp-content\/uploads\/2023\/04\/bcn-1536x1024.jpg 1536w, https:\/\/yolandafernandezadvocada.cat\/wp-content\/uploads\/2023\/04\/bcn-2048x1365.jpg 2048w, https:\/\/yolandafernandezadvocada.cat\/wp-content\/uploads\/2023\/04\/bcn-640x427.jpg 640w, https:\/\/yolandafernandezadvocada.cat\/wp-content\/uploads\/2023\/04\/bcn-400x267.jpg 400w\" sizes=\"auto, (max-width: 2560px) 100vw, 2560px\"><div class=\"porto-ibanner-desc no-padding d-flex\"><div class=\"container\"><div class=\"porto-ibanner-container\"><div class=\"porto-ibanner-layer wpb_custom_2c5109c031829f9c54153ed0e6239ff6 banner-pos-f6356757d4f73384a3f5bc65723ae83a\" style=\"width:100%;\"><style>.banner-pos-f6356757d4f73384a3f5bc65723ae83a {left: 50%;right: unset;top: 50%;bottom: unset;transform: translate(-50%, -50%);}<\/style><\/div><\/div><\/div><\/div><\/div><\/div>[\/vc_column_inner][\/vc_row_inner][\/vc_column][\/vc_row][\/vc_section]<\/p>\n<\/div>[\/vc_column][\/vc_row][vc_row full_width=\u00bbstretch_row\u00bb conditional_render=\u00bb%5B%7B%22value_role%22%3A%22administrator%22%7D%5D\u00bb css_params=\u00bb\u00bb css=\u00bb.vc_custom_1744294181186{margin-top: -150px !important;}\u00bb][vc_column width=\u00bb1\/3&#8243; animation_duration=\u00bb1200&#8243; animation_delay=\u00bb300&#8243; animation_type=\u00bbfadeInUp\u00bb conditional_render=\u00bb%5B%7B%22value_role%22%3A%22administrator%22%7D%5D\u00bb css_params=\u00bb\u00bb]<div class=\"porto-sicon-box  vc_custom_1746692597999 mlh_servicios_slider  wpb_custom_a64163f03ef9fab1eae47f555a44ae8e style_1 top-icon\"><div class=\"porto-sicon-top\"><div class=\"porto-just-icon-wrapper porto-sicon-img  porto-icon-9f5d1cfb45d27d96b50bf473aebba227\" style=\"font-size: 60px;\"><img loading=\"lazy\" decoding=\"async\" class=\"img-icon\" alt=\"Yolanda Fern\u00e1ndez Gauchia\" src=\"https:\/\/yolandafernandezadvocada.cat\/wp-content\/uploads\/2025\/04\/serveis.png\" width=\"512\" height=\"512\" \/><\/div><\/div><div class=\"porto-sicon-header\" style=\"margin-bottom:30px;\"><h2 class=\"porto-sicon-title\" style=\"margin-bottom:20px;\">Servicios jur\u00eddicos<\/h2><p style=\"color:var(--porto-light-color);\">Asesoramiento y gesti\u00f3n en procesos de divorcio, separaci\u00f3n, incluyendo la mediaci\u00f3n para conseguir acuerdos.<\/p><\/div> <!-- header --><div class=\"porto-sicon-description\" style=\"\">\n<div class=\"mlh_btn\"><a href=\"https:\/\/yolandafernandezadvocada.cat\/es\/servicios\/\">Saber m\u00e1s<\/a><\/div>\n<p><\/div> <!-- description --><\/div><!-- porto-sicon-box -->[\/vc_column][vc_column width=\u00bb1\/3&#8243; animation_duration=\u00bb1200&#8243; animation_delay=\u00bb600&#8243; animation_type=\u00bbfadeInUp\u00bb conditional_render=\u00bb%5B%7B%22value_role%22%3A%22administrator%22%7D%5D\u00bb css_params=\u00bb\u00bb]<div class=\"porto-sicon-box  vc_custom_1746692614295 mlh_servicios_slider  wpb_custom_a64163f03ef9fab1eae47f555a44ae8e style_1 top-icon\"><div class=\"porto-sicon-top\"><div class=\"porto-just-icon-wrapper porto-sicon-img  porto-icon-9f5d1cfb45d27d96b50bf473aebba227\" style=\"font-size: 60px;\"><img loading=\"lazy\" decoding=\"async\" class=\"img-icon\" alt=\"Yolanda Fern\u00e1ndez Gauchia\" src=\"https:\/\/yolandafernandezadvocada.cat\/wp-content\/uploads\/2025\/04\/familia.png\" width=\"512\" height=\"512\" \/><\/div><\/div><div class=\"porto-sicon-header\" style=\"margin-bottom:30px;\"><h2 class=\"porto-sicon-title\" style=\"margin-bottom:20px;\">Mediaci\u00f3n familiar<\/h2><p style=\"color:var(--porto-light-color);\">Defiende en juicios penales hasta la resoluci\u00f3n amistosa de disputas matrimoniales y familiares.<\/p><\/div> <!-- header --><div class=\"porto-sicon-description\" style=\"\">\n<div class=\"mlh_btn\"><a href=\"https:\/\/yolandafernandezadvocada.cat\/es\/servicios\/#mediacion-familiar\">Saber m\u00e1s<\/a><\/div>\n<p><\/div> <!-- description --><\/div><!-- porto-sicon-box -->[\/vc_column][vc_column width=\u00bb1\/3&#8243; animation_duration=\u00bb1200&#8243; animation_delay=\u00bb900&#8243; animation_type=\u00bbfadeInUp\u00bb conditional_render=\u00bb%5B%7B%22value_role%22%3A%22administrator%22%7D%5D\u00bb css_params=\u00bb\u00bb]<div class=\"porto-sicon-box  vc_custom_1744375169867 mlh_servicios_slider  wpb_custom_a64163f03ef9fab1eae47f555a44ae8e style_1 top-icon\"><div class=\"porto-sicon-top\"><div class=\"porto-just-icon-wrapper porto-sicon-img  porto-icon-9f5d1cfb45d27d96b50bf473aebba227\" style=\"font-size: 60px;\"><img loading=\"lazy\" decoding=\"async\" class=\"img-icon\" alt=\"Yolanda Fern\u00e1ndez Gauchia\" src=\"https:\/\/yolandafernandezadvocada.cat\/wp-content\/uploads\/2025\/04\/contacte.png\" width=\"512\" height=\"512\" \/><\/div><\/div><div class=\"porto-sicon-header\" style=\"margin-bottom:30px;\"><h2 class=\"porto-sicon-title\" style=\"margin-bottom:20px;\">Contacto<\/h2><p style=\"color:var(--porto-light-color);\">Estoy a su disposici\u00f3n para ayudarle. No dude en ponerse en contacto para explorar sus opciones legales.<\/p><\/div> <!-- header --><div class=\"porto-sicon-description\" style=\"\">\n<div class=\"mlh_btn\"><a href=\"https:\/\/yolandafernandezadvocada.cat\/es\/#contacto\">Saber m\u00e1s<\/a><\/div>\n<p><\/div> <!-- description --><\/div><!-- porto-sicon-box -->[\/vc_column][\/vc_row][vc_section full_width=\u00bbstretch_row\u00bb css=\u00bb.vc_custom_1744364572635{padding-top: 50px !important;padding-bottom: 50px !important;}\u00bb conditional_render=\u00bb%5B%7B%22value_role%22%3A%22administrator%22%7D%5D\u00bb css_params=\u00bb\u00bb el_id=\u00bbabogada\u00bb][vc_row full_width=\u00bbstretch_row\u00bb content_placement=\u00bbmiddle\u00bb animation_duration=\u00bb1200&#8243; animation_delay=\u00bb300&#8243; conditional_render=\u00bb%5B%7B%22value_role%22%3A%22administrator%22%7D%5D\u00bb css_params=\u00bb\u00bb animation_type=\u00bbfadeInDown\u00bb][vc_column width=\u00bb2\/3&#8243;][vc_custom_heading text=\u00bbAbogada experta en Derecho Penal y Matrimonial.\u00bb font_container=\u00bbtag:h2|font_size:45px|text_align:center\u00bb use_theme_fonts=\u00bbyes\u00bb css_params=\u00bb\u00bb][vc_column_text css=\u00bb.vc_custom_1746530558622{margin-bottom: 35px !important;}\u00bb css_params=\u00bb\u00bb]<\/p>\n<p style=\"text-align: center;\">Entiendo que enfrentar problemas legales puede ser abrumador. Mi objetivo es brindarle asesoramiento legal claro, representaci\u00f3n efectiva y soporte personalizado en cada etapa del proceso. Con una s\u00f3lida trayectoria en Derecho Penal, Derecho Matrimonial y Mediaci\u00f3n Familiar, estoy aqu\u00ed para ayudarle a encontrar soluciones justas y favorables.<\/p>\n<p style=\"text-align: center;\">Mi enfoque se basa en la comunicaci\u00f3n clara, empat\u00eda y encontrar soluciones personalizadas para cada caso. Me dedico a proteger sus derechos y conseguir los resultados que necesita.<\/p>\n<p>[\/vc_column_text][vc_custom_heading text=\u00bbContacte hoy mismo para una consulta\u00bb font_container=\u00bbtag:h3|font_size:25px|text_align:center|color:var(&#8211;porto-primary-color)\u00bb use_theme_fonts=\u00bbyes\u00bb text_transform=\u00bbtext-uppercase\u00bb font_weight=\u00bb700&#8243; hover_color=\u00bbvar(&#8211;porto-secondary-color)\u00bb animation_duration=\u00bb1200&#8243; animation_delay=\u00bb900&#8243; css_params=\u00bb\u00bb link=\u00bburl:https%3A%2F%2Fyolandafernandezadvocada.cat%2Fes%2F%23contacto|\u00bb animation_type=\u00bbfadeInUp\u00bb][\/vc_column][vc_column width=\u00bb1\/3&#8243;][vc_single_image image=\u00bb468&#8243; img_size=\u00bbfull\u00bb alignment=\u00bbcenter\u00bb css=\u00bb.vc_custom_1746530831605{margin-top: 20px !important;margin-bottom: 20px !important;}\u00bb img_object=\u00bbcover\u00bb img_pos=\u00bbcenter center\u00bb css_params=\u00bb\u00bb el_class=\u00bbmlh_img offset-lg-1&#8243; img_height=\u00bb{\u00abxl\u00ab:\u00ab480\u00ab,\u00abunit\u00ab:\u00ab\u00ab,\u00abxs\u00ab:\u00ab\u00ab,\u00absm\u00ab:\u00ab\u00ab,\u00abmd\u00ab:\u00ab\u00ab,\u00ablg\u00ab:\u00ab\u00ab}\u00bb][\/vc_column][\/vc_row][\/vc_section][vc_section full_width=\u00bbstretch_row\u00bb css=\u00bb.vc_custom_1744362899875{padding-top: 80px !important;padding-bottom: 80px !important;background-image: url(https:\/\/yolandafernandezadvocada.cat\/wp-content\/uploads\/2025\/04\/grey-marble-scaled.jpg?id=442) !important;background-position: center !important;background-repeat: no-repeat !important;background-size: cover !important;}\u00bb conditional_render=\u00bb%5B%7B%22value_role%22%3A%22administrator%22%7D%5D\u00bb css_params=\u00bb\u00bb][vc_row full_width=\u00bbstretch_row\u00bb conditional_render=\u00bb%5B%7B%22value_role%22%3A%22administrator%22%7D%5D\u00bb css_params=\u00bb\u00bb][vc_column width=\u00bb1\/2&#8243; animation_duration=\u00bb1200&#8243; animation_delay=\u00bb300&#8243; animation_type=\u00bbfadeInRightBig\u00bb conditional_render=\u00bb%5B%7B%22value_role%22%3A%22administrator%22%7D%5D\u00bb css_params=\u00bb\u00bb]<div class=\"porto-sicon-box  vc_custom_1746530654814 mlh_abogada shadow  wpb_custom_a28d206df6577e5b90fcc4b34a949c18 style_1 top-icon\"><div class=\"porto-sicon-header\" style=\"margin-bottom:20px;\"><h3 class=\"porto-sicon-title\" style=\"margin-bottom:15px;\">Yolanda Fern\u00e1ndez<\/h3><p>Derecho y Proceso Penal, Derecho Penal de menores, Derecho Matrimonial y mediaci\u00f3n familiar.<\/p><\/div> <!-- header --><div class=\"porto-sicon-description\" style=\"\">Desde el a\u00f1o 1993 ejerce de Abogado estando colegiada en el Ilustre Colegio de Abogados de Barcelona, \u200b\u200bcon el n\u00fam. de col. 19609, disfrutando de m\u00e1s de treinta a\u00f1os de experiencia en el ejercicio de la profesi\u00f3n defendiendo los intereses de los clientes en los Tribunales de Catalu\u00f1a.<\/div> <!-- description --><\/div><!-- porto-sicon-box -->[\/vc_column][vc_column width=\u00bb1\/2&#8243;][\/vc_column][\/vc_row][\/vc_section][vc_section full_width=\u00bbstretch_row\u00bb disable_element=\u00bbyes\u00bb css=\u00bb.vc_custom_1746530573980{padding-top: 80px !important;padding-bottom: 80px !important;}\u00bb conditional_render=\u00bb%5B%7B%22value_role%22%3A%22administrator%22%7D%5D\u00bb css_params=\u00bb\u00bb][vc_row full_width=\u00bbstretch_row\u00bb content_placement=\u00bbmiddle\u00bb animation_duration=\u00bb1200&#8243; animation_delay=\u00bb300&#8243; conditional_render=\u00bb%5B%7B%22value_role%22%3A%22administrator%22%7D%5D\u00bb css_params=\u00bb\u00bb animation_type=\u00bbfadeInLeftBig\u00bb][vc_column width=\u00bb1\/3&#8243;][vc_single_image image=\u00bb448&#8243; img_size=\u00bbfull\u00bb alignment=\u00bbcenter\u00bb css=\u00bb.vc_custom_1744366714682{margin-top: 20px !important;margin-bottom: 20px !important;}\u00bb css_params=\u00bb\u00bb el_class=\u00bbmlh_img\u00bb][\/vc_column][vc_column width=\u00bb2\/3&#8243;][vc_custom_heading text=\u00bbLorem ipsum dolor sit almendra.\u00bb font_container=\u00bbtag:h2|font_size:45px|text_align:left\u00bb use_theme_fonts=\u00bbyes\u00bb css_params=\u00bb\u00bb el_class=\u00bboffset-lg-1&#8243;][vc_column_text css=\u00bb\u00bb css_params=\u00bb\u00bb el_class=\u00bboffset-lg-1&#8243;]Lorem ipsum dolor sit ame consectetur adipiscing, \u00e9lite lacinia egestas viverra potente yaculis, varices nec elementum luctus faucibus. Parturiente cubilia a elementum natoque demasiado aenean risus, sociosqu lacus varius pharetra viverra erat, actor ante porttitor in phasellus platea.<\/p>\n<p>Dictum vitae quies porttitor pharetra varius curae habitasse elementum, volutpat habitante etiam gravida orci luctus neque, eleifend lobortis ultrices famas consecuado ligula curabitur.<\/p>\n<p>Era diam primis vivamus mattis mollis leo condimentum pretium, maecenas gravida tortor lobortis at eros arcu eget, aliquet laoreet lectus dis ante nisl litora. Id aptent leo tellus acumsan quam facilisis cum neque nisl volutpat sodales in, augue dignissim sociis sepan gravida dis pretium himenaeos interdum nisi habitante venenatis, inceptos malesuada dictumst viverra nuestra curabitur etiam elementum sem.[\/vc_column_text][\/vc_column][\/vc_row][\/vc_section][vc_section full_width=\u00bbstretch_row\u00bb css=\u00bb.vc_custom_1744297122432{padding-top: 80px !important;padding-bottom: 80px !important;background-image: url(https:\/\/yolandafernandezadvocada.cat\/wp-content\/uploads\/2023\/04\/bcn-scaled.jpg?id=323) !important;background-position: center !important;background-repeat: no-repeat !important;background-size: cover !important;}\u00bb conditional_render=\u00bb%5B%7B%22value_role%22%3A%22administrator%22%7D%5D\u00bb css_params=\u00bb\u00bb el_class=\u00bbmlh_section\u00bb][vc_row full_width=\u00bbstretch_row\u00bb conditional_render=\u00bb%5B%7B%22value_role%22%3A%22administrator%22%7D%5D\u00bb css_params=\u00bb\u00bb][vc_column width=\u00bb1\/6&#8243;][\/vc_column][vc_column width=\u00bb2\/3&#8243; animation_duration=\u00bb1200&#8243; animation_delay=\u00bb300&#8243; animation_type=\u00bbfadeInUp\u00bb conditional_render=\u00bb%5B%7B%22value_role%22%3A%22administrator%22%7D%5D\u00bb css_params=\u00bb\u00bb][vc_custom_heading text=\u00bb\u00bfNecesita asesoramiento legal?\u00bb font_container=\u00bbtag:h2|font_size:45px|text_align:center|color:var(&#8211;porto-light-color)|line_height:1.2&#8243; use_theme_fonts=\u00bbyes\u00bb css=\u00bb.vc_custom_1744355033032{margin-bottom: 20px !important;}\u00bb text_transform=\u00bbtext-uppercase\u00bb css_params=\u00bb\u00bb][vc_custom_heading text=\u00bbNo dude en ponerse en contacto conmigo.<br \/>\nEstudiaremos su caso.\u00bb font_container=\u00bbtag:h3|font_size:30px|text_align:center|color:var(&#8211;porto-light-color)|line_height:1.2&#8243; use_theme_fonts=\u00bbyes\u00bb css=\u00bb.vc_custom_1744364974530{margin-bottom: 0px !important;}\u00bb font_family=\u00bbPoppins\u00bb font_weight=\u00bb400&#8243; css_params=\u00bb\u00bb][\/vc_column][vc_column width=\u00bb1\/6&#8243;][\/vc_column][\/vc_row][\/vc_section][vc_section full_width=\u00bbstretch_row\u00bb css=\u00bb.vc_custom_1744615921894{padding-top: 50px !important;padding-bottom: 50px !important;}\u00bb conditional_render=\u00bb%5B%7B%22value_role%22%3A%22administrator%22%7D%5D\u00bb css_params=\u00bb\u00bb el_id=\u00bbcontacto\u00bb][vc_row full_width=\u00bbstretch_row\u00bb content_placement=\u00bbmiddle\u00bb conditional_render=\u00bb%5B%7B%22value_role%22%3A%22administrator%22%7D%5D\u00bb css_params=\u00bb\u00bb][vc_column width=\u00bb2\/3&#8243; animation_duration=\u00bb1200&#8243; animation_delay=\u00bb300&#8243; animation_type=\u00bbfadeInLeft\u00bb conditional_render=\u00bb%5B%7B%22value_role%22%3A%22administrator%22%7D%5D\u00bb css_params=\u00bb\u00bb][vc_custom_heading text=\u00bbFormulario de contacto\u00bb font_container=\u00bbtag:h2|font_size:45px|text_align:left\u00bb use_theme_fonts=\u00bbyes\u00bb css_params=\u00bb\u00bb][vc_column_text css=\u00bb.vc_custom_1744615800360{margin-bottom: 35px !important;}\u00bb css_params=\u00bb\u00bb]Complete el formulario de contacto o ll\u00e1meme para concretar una consulta.[\/vc_column_text]<div class=\"porto-animation\" >\n<div class=\"wpcf7 no-js\" id=\"wpcf7-f510-o1\" lang=\"es-ES\" dir=\"ltr\" data-wpcf7-id=\"510\">\n<div class=\"screen-reader-response\"><p role=\"status\" aria-live=\"polite\" aria-atomic=\"true\"><\/p> <ul><\/ul><\/div>\n<form action=\"\/es\/wp-json\/wp\/v2\/pages\/497#wpcf7-f510-o1\" method=\"post\" class=\"wpcf7-form init\" aria-label=\"Formulario de contacto\" novalidate=\"novalidate\" data-status=\"init\">\n<fieldset class=\"hidden-fields-container\"><input type=\"hidden\" name=\"_wpcf7\" value=\"510\" \/><input type=\"hidden\" name=\"_wpcf7_version\" value=\"6.1.5\" \/><input type=\"hidden\" name=\"_wpcf7_locale\" value=\"es_ES\" \/><input type=\"hidden\" name=\"_wpcf7_unit_tag\" value=\"wpcf7-f510-o1\" \/><input type=\"hidden\" name=\"_wpcf7_container_post\" value=\"0\" \/><input type=\"hidden\" name=\"_wpcf7_posted_data_hash\" value=\"\" \/>\n<\/fieldset>\n<div class=\"left\"><span class=\"wpcf7-form-control-wrap\" data-name=\"your-name\"><input size=\"40\" maxlength=\"400\" class=\"wpcf7-form-control wpcf7-text wpcf7-validates-as-required\" aria-required=\"true\" aria-invalid=\"false\" placeholder=\"Nombre *\" value=\"\" type=\"text\" name=\"your-name\" \/><\/span><\/div>\n\n<div class=\"right\"><span class=\"wpcf7-form-control-wrap\" data-name=\"your-phone\"><input size=\"40\" maxlength=\"400\" class=\"wpcf7-form-control wpcf7-text\" aria-invalid=\"false\" placeholder=\"Tel\u00e9fono\" value=\"\" type=\"text\" name=\"your-phone\" \/><\/span><\/div>\n\n<span class=\"wpcf7-form-control-wrap\" data-name=\"your-email\"><input size=\"40\" maxlength=\"400\" class=\"wpcf7-form-control wpcf7-email wpcf7-validates-as-required wpcf7-text wpcf7-validates-as-email\" aria-required=\"true\" aria-invalid=\"false\" placeholder=\"Correo electr\u00f3nico *\" value=\"\" type=\"email\" name=\"your-email\" \/><\/span>\n\n<span class=\"wpcf7-form-control-wrap\" data-name=\"your-message\"><textarea cols=\"40\" rows=\"10\" maxlength=\"2000\" class=\"wpcf7-form-control wpcf7-textarea wpcf7-validates-as-required\" aria-required=\"true\" aria-invalid=\"false\" placeholder=\"Mensaje *\" name=\"your-message\"><\/textarea><\/span>\n\n<div class=\"MLH_Form\"><strong>Protecci\u00f3n de datos personales.<\/strong> Utilizaremos sus datos para responder a consultas y realizar an\u00e1lisis estad\u00edsticos. Para m\u00e1s informaci\u00f3n sobre el tratamiento y sus derechos, consulte la <a href=\"https:\/\/yolandafernandezadvocada.cat\/politica-de-privacidad-y-aviso-legal\/\" rel=\"nofollow\" target=\"_blank\">Pol\u00edtica de Privacidad<\/a>. <\/div>\n\n<div class=\"cf7-cf-turnstile\" style=\"margin-top: 0px; margin-bottom: -15px;\"> <div id=\"cf-turnstile-cf7-1605786021\" class=\"cf-turnstile\" data-sitekey=\"0x4AAAAAABbUKyBAe5Eq3GDX\" data-theme=\"light\" data-language=\"auto\" data-size=\"flexible\" data-retry=\"auto\" data-retry-interval=\"1000\" data-refresh-expired=\"auto\" data-action=\"contact-form-7\" data-appearance=\"interaction-only\"><\/div> <script>document.addEventListener(\"DOMContentLoaded\", function() { setTimeout(function(){ var e=document.getElementById(\"cf-turnstile-cf7-1605786021\"); e&&!e.innerHTML.trim()&&(turnstile.remove(\"#cf-turnstile-cf7-1605786021\"), turnstile.render(\"#cf-turnstile-cf7-1605786021\", {sitekey:\"0x4AAAAAABbUKyBAe5Eq3GDX\"})); }, 100); });<\/script> <style>#cf-turnstile-cf7-1605786021 iframe { margin-bottom: 15px; }<\/style> <style>#cf-turnstile-cf7-1605786021 { margin-left: -15px; }<\/style> <script>document.addEventListener(\"DOMContentLoaded\",function(){document.querySelectorAll('.wpcf7-form').forEach(function(e){e.addEventListener('submit',function(){if(document.getElementById('cf-turnstile-cf7-1605786021')){setTimeout(function(){turnstile.reset('#cf-turnstile-cf7-1605786021');},1000)}})})});<\/script> <\/div><br\/><input class=\"wpcf7-form-control wpcf7-submit has-spinner\" type=\"submit\" value=\"Enviar\" \/><div class=\"wpcf7-response-output\" aria-hidden=\"true\"><\/div>\n<\/form>\n<\/div>\n<\/div>[\/vc_column][vc_column width=\u00bb1\/3&#8243; animation_duration=\u00bb1200&#8243; animation_delay=\u00bb300&#8243; animation_type=\u00bbfadeInRight\u00bb conditional_render=\u00bb%5B%7B%22value_role%22%3A%22administrator%22%7D%5D\u00bb css_params=\u00bb\u00bb][vc_custom_heading text=\u00bbContacta conmigo\u00bb font_container=\u00bbtag:h2|font_size:30px|text_align:left\u00bb use_theme_fonts=\u00bbyes\u00bb css_params=\u00bb\u00bb el_class=\u00bboffset-lg-1&#8243;]<div class=\"porto-sicon-box offset-lg-1  wpb_custom_57b6c869abe8cbf165c323753cbc55de style_1 left-icon\"><div class=\"porto-sicon-left\"><div class=\"porto-just-icon-wrapper porto-icon none\" style=\"color:var(--porto-tertiary-color);font-size:30px;\"><i class=\"fas fa-location-arrow\"><\/i><\/div><\/div><div class=\"porto-sicon-body\"><div class=\"porto-sicon-header\"><h3 class=\"porto-sicon-title\" style=\"\">C\/ Roger de Ll\u00faria, 5, 5-1<\/h3><p>08010 Barcelona<\/p><\/div> <!-- header --><\/div><\/div><!-- porto-sicon-box --><div class=\"porto-sicon-box offset-lg-1  wpb_custom_57b6c869abe8cbf165c323753cbc55de style_2 left-icon\"><div class=\"porto-sicon-left\"><div class=\"porto-just-icon-wrapper porto-icon none\" style=\"color:var(--porto-tertiary-color);font-size:30px;\"><i class=\"fas fa-phone\"><\/i><\/div><\/div><div class=\"porto-sicon-body\"><div class=\"porto-sicon-header\"><a class=\"porto-sicon-box-link\" href=\"tel:+34934127871\"><h3 class=\"porto-sicon-title\" style=\"\">934 12 78 71<\/h3><\/a><\/div> <!-- header --><\/div><\/div><!-- porto-sicon-box --><div class=\"porto-sicon-box offset-lg-1  wpb_custom_57b6c869abe8cbf165c323753cbc55de style_2 left-icon\"><div class=\"porto-sicon-left\"><div class=\"porto-just-icon-wrapper porto-icon none\" style=\"color:var(--porto-tertiary-color);font-size:30px;\"><i class=\"fas fa-envelope\"><\/i><\/div><\/div><div class=\"porto-sicon-body\"><div class=\"porto-sicon-header\"><a class=\"porto-sicon-box-link\" href=\"mailto:info@yolandafernandezadvocada.cat\"><h3 class=\"porto-sicon-title\" style=\"\">info@yolandafernandezadvocada.cat<\/h3><\/a><\/div> <!-- header --><\/div><\/div><!-- porto-sicon-box -->[\/vc_column][\/vc_row][\/vc_section]<\/p>\n<\/div>","protected":false},"excerpt":{"rendered":"<p>[vc_row][vc_column][vc_custom_heading text=\u00bbExperiencia y conocimiento en materia de Derecho y Proceso Penal, Derecho Penal de menores, Derecho matrimonial y mediaci\u00f3n familiar.\u00bb font_container=\u00bbtag:h1|text_align:left\u00bb use_theme_fonts=\u00bbyes\u00bb el_class=\u00bbmlh_h1&#8243; css_params=\u00bb\u00bb][\/vc_column][\/vc_row][vc_row full_width=\u00bbstretch_row\u00bb conditional_render=\u00bb%5B%7B%22value_role%22%3A%22administrator%22%7D%5D\u00bb css_params=\u00bb\u00bb css=\u00bb.vc_custom_1744294181186{margin-top: -150px !important;}\u00bb][vc_column width=\u00bb1\/3&#8243; animation_duration=\u00bb1200&#8243; animation_delay=\u00bb300&#8243; animation_type=\u00bbfadeInUp\u00bb conditional_render=\u00bb%5B%7B%22value_role%22%3A%22administrator%22%7D%5D\u00bb css_params=\u00bb\u00bb][\/vc_column][vc_column width=\u00bb1\/3&#8243; animation_duration=\u00bb1200&#8243; animation_delay=\u00bb600&#8243; animation_type=\u00bbfadeInUp\u00bb conditional_render=\u00bb%5B%7B%22value_role%22%3A%22administrator%22%7D%5D\u00bb css_params=\u00bb\u00bb][\/vc_column][vc_column width=\u00bb1\/3&#8243; animation_duration=\u00bb1200&#8243; animation_delay=\u00bb900&#8243; animation_type=\u00bbfadeInUp\u00bb conditional_render=\u00bb%5B%7B%22value_role%22%3A%22administrator%22%7D%5D\u00bb css_params=\u00bb\u00bb][\/vc_column][\/vc_row][vc_section full_width=\u00bbstretch_row\u00bb css=\u00bb.vc_custom_1744364572635{padding-top: 50px !important;padding-bottom: 50px !important;}\u00bb conditional_render=\u00bb%5B%7B%22value_role%22%3A%22administrator%22%7D%5D\u00bb [&hellip;]<\/p>\n","protected":false},"author":1,"featured_media":0,"parent":0,"menu_order":0,"comment_status":"closed","ping_status":"closed","template":"","meta":{"_seopress_robots_primary_cat":"","_seopress_titles_title":"%%sitetitle%% %%sep%% %%tagline%%","_seopress_titles_desc":"Abogada experta en derecho penal y de familia. Asesoramiento legal cercano, honesto y profesional. \u00a1Consulta tu caso!","_seopress_robots_index":"","footnotes":""},"class_list":["post-497","page","type-page","status-publish","hentry"],"_links":{"self":[{"href":"https:\/\/yolandafernandezadvocada.cat\/es\/wp-json\/wp\/v2\/pages\/497","targetHints":{"allow":["GET"]}}],"collection":[{"href":"https:\/\/yolandafernandezadvocada.cat\/es\/wp-json\/wp\/v2\/pages"}],"about":[{"href":"https:\/\/yolandafernandezadvocada.cat\/es\/wp-json\/wp\/v2\/types\/page"}],"author":[{"embeddable":true,"href":"https:\/\/yolandafernandezadvocada.cat\/es\/wp-json\/wp\/v2\/users\/1"}],"replies":[{"embeddable":true,"href":"https:\/\/yolandafernandezadvocada.cat\/es\/wp-json\/wp\/v2\/comments?post=497"}],"version-history":[{"count":2,"href":"https:\/\/yolandafernandezadvocada.cat\/es\/wp-json\/wp\/v2\/pages\/497\/revisions"}],"predecessor-version":[{"id":522,"href":"https:\/\/yolandafernandezadvocada.cat\/es\/wp-json\/wp\/v2\/pages\/497\/revisions\/522"}],"wp:attachment":[{"href":"https:\/\/yolandafernandezadvocada.cat\/es\/wp-json\/wp\/v2\/media?parent=497"}],"curies":[{"name":"wp","href":"https:\/\/api.w.org\/{rel}","templated":true}]}}